{"id":448,"date":"2024-07-20T13:31:09","date_gmt":"2024-07-20T13:31:09","guid":{"rendered":"http:\/\/192.168.55.101\/?page_id=448"},"modified":"2025-04-09T15:03:25","modified_gmt":"2025-04-09T15:03:25","slug":"our-team","status":"publish","type":"page","link":"https:\/\/pallada.com.ua\/es\/our-team\/","title":{"rendered":"Nuestro equipo"},"content":{"rendered":"<h1>\n\t\tNuestro equipo\n\t<\/h1>\n<h2>\n\t\tEspecialistas altamente cualificados y la introducci\u00f3n de modernos m\u00e9todos de dise\u00f1o, incluido el 3D, nos permiten desarrollar documentaci\u00f3n t\u00e9cnica de cualquier complejidad.\n\t<\/h2>\n\t\t\t\t<img decoding=\"async\" src=\"http:\/\/192.168.0.123\/wp-content\/uploads\/CHEBOTAROV_ANTON_P-1.png\" alt=\"CHEBOTAROV_ANTON_P\" itemprop=\"image\" title=\"CHEBOTAROV_ANTON_P\" onerror=\"this.style.display='none'\"  \/>\n<h4>\n\t\tJefe del equipo del proyecto\n\t<\/h4>\n<h3>\n\t\tAnton Chebotarov, PhD.\n\t<\/h3>\n\t<p>Planificaci\u00f3n, coordinaci\u00f3n y control de la ejecuci\u00f3n del proyecto.<\/p>\n\t\t\t\t<img decoding=\"async\" src=\"http:\/\/192.168.0.123\/wp-content\/uploads\/DSC_8125-1.png\" alt=\"DSC_8125\" itemprop=\"image\" title=\"DSC_8125\" onerror=\"this.style.display='none'\"  \/>\n<h4>\n\t\tDirector T\u00e9cnico \/ Arquitecto Jefe del proyecto\n\t<\/h4>\n<h3>\n\t\tOleksandr Yakovenko\n\t<\/h3>\n\t<p>Muchos a\u00f1os de experiencia en el desarrollo de edificios y estructuras residenciales y p\u00fablicas.\nGalardonado con el Premio Estatal de Ucrania (1992). Es autor de edificios como el Teatro Acad\u00e9mico Pushkin de Kharkiv (G.F. Kvitka-Osnovyanenko), edificios residenciales de gran altura en la avenida Nauky (esquina con la calle 23 de agosto) y muchos otros.<\/p>\n\t\t\t\t<img decoding=\"async\" src=\"http:\/\/192.168.0.123\/wp-content\/uploads\/FRANTS_YEVHEN_P-1.png\" alt=\"FRANTS_YEVHEN_P\" itemprop=\"image\" title=\"FRANTS_YEVHEN_P\" onerror=\"this.style.display='none'\"  \/>\n<h4>\n\t\tArquitecto jefe \/ Jefe del departamento creativo.\n\t<\/h4>\n<h3>\n\t\tYevhen Frants\n\t<\/h3>\n\tDesarrollo de conceptos arquitect\u00f3nicos y propuestas de anteproyectos. \nDesarrollo y ejecuci\u00f3n de proyectos de interiorismo para edificios residenciales y p\u00fablicos.<br \/>\nDevelopment and implementation of interior design projects for residential and public buildings.\n\t\t\t\t<img decoding=\"async\" src=\"http:\/\/192.168.0.123\/wp-content\/uploads\/HOIDENKO_IRYNA_P-1.png\" alt=\"HOIDENKO_IRYNA_P\" itemprop=\"image\" title=\"HOIDENKO_IRYNA_P\" onerror=\"this.style.display='none'\"  \/>\n<h4>\n\t\tArquitecto jefe\n\t<\/h4>\n<h3>\n\t\tIryna Hoidenko\n\t<\/h3>\n\t<p>Desarrollo de propuestas conceptuales y de predise\u00f1o, dise\u00f1o y documentaci\u00f3n de trabajo.<\/p>\n\t\t\t\t<img decoding=\"async\" src=\"http:\/\/192.168.0.123\/wp-content\/uploads\/POPADINETS_OLENA_P.png\" alt=\"POPADINETS_OLENA_P\" itemprop=\"image\" title=\"POPADINETS_OLENA_P\" onerror=\"this.style.display='none'\"  \/>\n<h4>\n\t\tEconomista\n\t<\/h4>\n<h3>\n\t\tOlena Popadinets\n\t<\/h3>\n\t<p>Trabajar con la documentaci\u00f3n de dise\u00f1o y estimaci\u00f3n en el portal del Sistema Electr\u00f3nico Estatal Unificado en el \u00e1mbito de la construcci\u00f3n. Mantener la documentaci\u00f3n financiera y registrar el tiempo de trabajo del departamento de proyectos.<\/p>\n\t\t\t\t<img decoding=\"async\" src=\"http:\/\/192.168.0.123\/wp-content\/uploads\/KALIUZHNA_TETIANA_P.png\" alt=\"KALIUZHNA_TETIANA_P\" itemprop=\"image\" title=\"KALIUZHNA_TETIANA_P\" onerror=\"this.style.display='none'\"  \/>\n<h4>\n\t\tArquitecto jefe\n\t<\/h4>\n<h3>\n\t\tTetiana Kaliuzhna\n\t<\/h3>\n\t<p>Desarrollo de dise\u00f1os y planos de trabajo para edificios p\u00fablicos, residenciales e industriales.<\/p>\n\t\t\t\t<img decoding=\"async\" src=\"http:\/\/192.168.0.123\/wp-content\/uploads\/2_P.png\" alt=\"2_P\" itemprop=\"image\" title=\"2_P\" onerror=\"this.style.display='none'\"  \/>\n<h4>\n\t\tIngeniero jefe de dise\u00f1o\n\t<\/h4>\n<h3>\n\t\tIryna Spitsyna\n\t<\/h3>\n\t<p>Elaboraci\u00f3n de documentaci\u00f3n para proyectos de construcci\u00f3n p\u00fablica.<\/p>\n\t\t\t\t<img decoding=\"async\" src=\"http:\/\/192.168.0.123\/wp-content\/uploads\/KATSANOV_MYKOLAI_P.png\" alt=\"KATSANOV_MYKOLAI_P\" itemprop=\"image\" title=\"KATSANOV_MYKOLAI_P\" onerror=\"this.style.display='none'\"  \/>\n<h4>\n\t\tEspecialista jefe, arquitecto\n\t<\/h4>\n<h3>\n\t\tMykolai Katsanov\n\t<\/h3>\n\t<p>Desarrollo de planos preliminares y de trabajo de proyectos arquitect\u00f3nicos. Desarrollo y ejecuci\u00f3n de proyectos de edificios residenciales y p\u00fablicos. Miembro de la NUAU desde 2009. Miembro de pleno derecho del Ukrainian. Comit\u00e9 Nacional de ICOMOS (especialistas en protecci\u00f3n, restauraci\u00f3n y uso del patrimonio cultural de Ucrania) desde 2010.<\/p>\n\t\t\t\t<img decoding=\"async\" src=\"http:\/\/192.168.0.123\/wp-content\/uploads\/SULIMOVA_NATALIA_P.png\" alt=\"SULIMOVA_NATALIA_P\" itemprop=\"image\" title=\"SULIMOVA_NATALIA_P\" onerror=\"this.style.display='none'\"  \/>\n<h4>\n\t\tIngeniero jefe de dise\u00f1o\n\t<\/h4>\n<h3>\n\t\tNatalia Sulimova\n\t<\/h3>\n\t<p>Desarrollo del dise\u00f1o y la documentaci\u00f3n de trabajo para edificios residenciales e industriales.<\/p>\n\t\t\t\t<img decoding=\"async\" src=\"http:\/\/192.168.0.123\/wp-content\/uploads\/7_P.png\" alt=\"7_P\" itemprop=\"image\" title=\"7_P\" onerror=\"this.style.display='none'\"  \/>\n<h4>\n\t\tArquitecto jefe del proyecto\n\t<\/h4>\n<h3>\n\t\tViacheslav Zhemir\n\t<\/h3>\n\t<p>Muchos a\u00f1os de experiencia en la ejecuci\u00f3n de proyectos, desde el desarrollo del concepto hasta la puesta en servicio. Desarrollo y ejecuci\u00f3n de edificios residenciales y p\u00fablicos.<\/p>\n\t\t\t\t<img decoding=\"async\" src=\"http:\/\/192.168.0.123\/wp-content\/uploads\/1_P-1.png\" alt=\"1_P\" itemprop=\"image\" title=\"1_P\" onerror=\"this.style.display='none'\"  \/>\n<h4>\n\t\tDise\u00f1ador, jefe de equipo\n\t<\/h4>\n<h3>\n\t\tValerii Chernoivan\n\t<\/h3>\n\t<p>Desarrollo y verificaci\u00f3n de la documentaci\u00f3n de dise\u00f1o para la construcci\u00f3n. C\u00e1lculo y dise\u00f1o de estructuras de edificios de clase de responsabilidad CC1, CC2, CC3 utilizando CAD.<\/p>\n\t\t\t\t<img decoding=\"async\" src=\"http:\/\/192.168.0.123\/wp-content\/uploads\/BILETSKYI_DENYS_P-3.png\" alt=\"BILETSKYI_DENYS_P\" itemprop=\"image\" title=\"BILETSKYI_DENYS_P\" onerror=\"this.style.display='none'\"  \/>\n<h4>\n\t\tArquitecto jefe\n\t<\/h4>\n<h3>\n\t\tDenys Biletskyi\n\t<\/h3>\n\t<p>Development of conceptual and pre-project proposals, design and working documentation, BIM Specialist, BIM coordinator, 3D-visualization. Hobbies &#8211; Unreal Engine, Dev.<\/p>\n\t\t\t\t<img decoding=\"async\" src=\"http:\/\/192.168.0.123\/wp-content\/uploads\/5_P.png\" alt=\"5_P\" itemprop=\"image\" title=\"5_P\" onerror=\"this.style.display='none'\"  \/>\n<h4>\n\t\tIngeniero jefe de dise\u00f1o\n\t<\/h4>\n<h3>\n\t\tOlha Kostiuchenko\n\t<\/h3>\n\t<p>Desarrollo del dise\u00f1o y la documentaci\u00f3n de trabajo para edificios residenciales e industriales.<\/p>\n\t\t\t\t<img decoding=\"async\" src=\"http:\/\/192.168.0.123\/wp-content\/uploads\/3_P.png\" alt=\"3_P\" itemprop=\"image\" title=\"3_P\" onerror=\"this.style.display='none'\"  \/>\n<h4>\n\t\tDise\u00f1ador jefe\n\t<\/h4>\n<h3>\n\t\tOleksandr Sych\n\t<\/h3>\n\t<p>Development of projects for public, residential and industrial buildings (new, reconstructed and renovated). Responsible for mechanical resistance and stability of buildings and structures of consequence (liability) class &#8211; CC3. <strong>47 a\u00f1os<\/strong> a\u00f1os de experiencia en dise\u00f1o y control de calidad de obras de construcci\u00f3n.<\/p>\n\t\t\t\t<img decoding=\"async\" src=\"http:\/\/192.168.0.123\/wp-content\/uploads\/6_P.png\" alt=\"6_P\" itemprop=\"image\" title=\"6_P\" onerror=\"this.style.display='none'\"  \/>\n<h4>\n\t\tArquitecto\n\t<\/h4>\n<h3>\n\t\tVadym Chuiev\n\t<\/h3>\n\t<p>Desarrollo de propuestas de anteproyecto, dise\u00f1o y documentaci\u00f3n de trabajo, especialista BIM, visualizaci\u00f3n.<\/p>\n\t\t\t\t<img decoding=\"async\" src=\"http:\/\/192.168.0.123\/wp-content\/uploads\/KOLESNYK_OLEH_P.png\" alt=\"KOLESNYK_OLEH_P\" itemprop=\"image\" title=\"KOLESNYK_OLEH_P\" onerror=\"this.style.display='none'\"  \/>\n<h4>\n\t\tArquitecto jefe del proyecto\n\t<\/h4>\n<h3>\n\t\tOleh Kolesnyk\n\t<\/h3>\n\t<p>Elaboraci\u00f3n de propuestas de anteproyecto, planos preliminares y de trabajo, documentaci\u00f3n de dise\u00f1o y de trabajo.<\/p>\n\t<p>\u00bfQuiere trabajar con nosotros?  Env\u00edenos un correo electr\u00f3nico<strong> info@pallada.com.ua<\/strong> o ll\u00e1menos al <strong>+380(66)444-26-89<\/strong>.<\/p>","protected":false},"excerpt":{"rendered":"<p>Our Team Highly qualified specialists and the introduction of modern design methods, including 3D, allow us to develop technical documentation of any complexity. Head of the project team Anton Chebotarov, PhD. Planning, coordination, and control of project implementation. Technical Director \/ chief project architect Oleksandr Yakovenko 45+ years of experience in the development of residential&hellip;<\/p>","protected":false},"author":1,"featured_media":0,"parent":0,"menu_order":0,"comment_status":"closed","ping_status":"closed","template":"","meta":{"footnotes":""},"class_list":["post-448","page","type-page","status-publish","hentry"],"_links":{"self":[{"href":"https:\/\/pallada.com.ua\/es\/wp-json\/wp\/v2\/pages\/448","targetHints":{"allow":["GET"]}}],"collection":[{"href":"https:\/\/pallada.com.ua\/es\/wp-json\/wp\/v2\/pages"}],"about":[{"href":"https:\/\/pallada.com.ua\/es\/wp-json\/wp\/v2\/types\/page"}],"author":[{"embeddable":true,"href":"https:\/\/pallada.com.ua\/es\/wp-json\/wp\/v2\/users\/1"}],"replies":[{"embeddable":true,"href":"https:\/\/pallada.com.ua\/es\/wp-json\/wp\/v2\/comments?post=448"}],"version-history":[{"count":0,"href":"https:\/\/pallada.com.ua\/es\/wp-json\/wp\/v2\/pages\/448\/revisions"}],"wp:attachment":[{"href":"https:\/\/pallada.com.ua\/es\/wp-json\/wp\/v2\/media?parent=448"}],"curies":[{"name":"wp","href":"https:\/\/api.w.org\/{rel}","templated":true}]}}